{"id":20,"date":"2016-10-13T18:24:55","date_gmt":"2016-10-13T18:24:55","guid":{"rendered":"https:\/\/mgapress.com.br\/blog\/?page_id=20"},"modified":"2016-10-13T18:24:55","modified_gmt":"2016-10-13T18:24:55","slug":"politica-de-privacidade","status":"publish","type":"page","link":"https:\/\/mgapress.com.br\/blog\/politica-de-privacidade\/","title":{"rendered":"Pol\u00edtica de Privacidade"},"content":{"rendered":"<p class=\"estimated-read-time\">Tempo de leitura:<small> 8 minutos<\/small><\/p> <h1>MGAPress Pol\u00edtica de Privacidade<\/h1>\n<h2>O que fazemos com as suas informa\u00e7\u00f5es<\/h2>\n<ol>\n<li>O termo &#8220;informa\u00e7\u00f5es pessoais&#8221; usado aqui, \u00e9 definido como qualquer informa\u00e7\u00e3o que identifica ou pode ser usada para identificar, contatar ou localizar a pessoa, a quem tal informa\u00e7\u00e3o pertence. As informa\u00e7\u00f5es pessoais que coletamos estar\u00e1 sujeita a esta Pol\u00edtica de Privacidade, a qual \u00e9 alterada de tempos em tempos.<\/li>\n<li>Quando voc\u00ea se cadastra no MGAPress pedimos o seu endere\u00e7o de e-mail.<\/li>\n<li>O MGAPress utiliza as informa\u00e7\u00f5es que s\u00e3o coletadas para os seguintes prop\u00f3sitos gerais: fornecimento de produtos e servi\u00e7os, cobran\u00e7a, identifica\u00e7\u00e3o e autentica\u00e7\u00e3o, melhoria de servi\u00e7os, contato e pesquisa.<\/li>\n<li>\u00a0Como parte do processo de compra e venda no MGAPress, voc\u00ea ir\u00e1 obter o endere\u00e7o de e-mail e\/ou endere\u00e7o de entrega de seus clientes. Ao aceitar nosso Acordo de Usu\u00e1rio, voc\u00ea concorda que, com respeito \u00e0s Informa\u00e7\u00f5es Pessoais de outros usu\u00e1rios que voc\u00ea obt\u00e9m atrav\u00e9s do MGAPress ou atrav\u00e9s de uma comunica\u00e7\u00e3o relacionada do MGAPress ou transa\u00e7\u00e3o facilitada do MGAPress, o MGAPress concede a voc\u00ea uma licen\u00e7a para utilizar tais informa\u00e7\u00f5es apenas para comunica\u00e7\u00f5es relacionadas ao MGAPress que n\u00e3o sejam mensagens comerciais n\u00e3o solicitadas. O MGAPress n\u00e3o tolera spam. Portanto, sem limitar o precedente, voc\u00ea n\u00e3o est\u00e1 licenciado a adicionar o nome de algu\u00e9m que tenha comprado um item seu, para sua lista de correio (e-mail ou correio f\u00edsico) sem que tenha consentimento expresso deles.<\/li>\n<\/ol>\n<h4>O QUE SIGNIFICA<\/h4>\n<p>Quando voc\u00ea se cadastra, voc\u00ea fornece informa\u00e7\u00f5es pessoais que coletamos e usamos. Para o processo de finaliza\u00e7\u00e3o de compra (check-out) tamb\u00e9m coletamos informa\u00e7\u00f5es do seu cart\u00e3o de cr\u00e9dito. Apenas use as informa\u00e7\u00f5es dos seus clientes do MGAPress para comunica\u00e7\u00f5es relacionadas ao MGAPress, a menos que eles lhe permitam faz\u00ea-lo. N\u00e3o fa\u00e7a spam para ningu\u00e9m!<\/p>\n<h3>Seguran\u00e7a<\/h3>\n<p>A seguran\u00e7a de suas informa\u00e7\u00f5es pessoais \u00e9 importante para n\u00f3s. Quando voc\u00ea insere informa\u00e7\u00f5es confidenciais, tais como n\u00famero de cart\u00e3o de cr\u00e9dito em nosso formul\u00e1rio de inscri\u00e7\u00e3o, n\u00f3s criptografamos a transmiss\u00e3o dessas informa\u00e7\u00f5es usando a tecnologia Secure Socket Layer (SSL). Os dados do cart\u00e3o de cr\u00e9dito s\u00e3o armazenados e criptografados usando criptografia AES-256. Como um fornecedor de servi\u00e7os em conformidade com o PCI DSS N\u00edvel 1 seguimos todos os requisitos do PCI-DSS e implementamos padr\u00f5es adicionais geralmente aceitos da ind\u00fastria, para proteger a informa\u00e7\u00e3o pessoal que nos \u00e9 submetida, tanto durante a transmiss\u00e3o quanto assim que a recebemos. Nenhum m\u00e9todo de transmiss\u00e3o pela Internet, ou m\u00e9todo de armazenamento eletr\u00f4nico \u00e9 100% seguro. Portanto, enquanto nos esfor\u00e7amos para utilizar meios comercialmente aceit\u00e1veis para proteger suas informa\u00e7\u00f5es pessoais, n\u00e3o podemos garantir sua seguran\u00e7a absoluta. Se voc\u00ea tem d\u00favidas sobre a seguran\u00e7a em nosso Site, voc\u00ea pode enviar um e-mail para contato@mgapress.com.br.<\/p>\n<h4>O QUE SIGNIFICA<\/h4>\n<p>Vamos criptografar seu cart\u00e3o de cr\u00e9dito e informa\u00e7\u00f5es confidenciais nos padr\u00f5es da ind\u00fastria. Porque as coisas acontecem, n\u00f3s n\u00e3o podemos garantir 100% de seguran\u00e7a de seus dados. Se voc\u00ea tiver d\u00favidas envie um e-mail para contato@mgapress.com.br<\/p>\n<h3>\u00a0Divulga\u00e7\u00e3o<\/h3>\n<ol>\n<li>MGAPress pode utilizar terceiros prestadores de servi\u00e7os para fornecer determinados servi\u00e7os para voc\u00ea e n\u00f3s podemos compartilhar informa\u00e7\u00f5es pessoais com esses prestadores de servi\u00e7os. Exigimos que qualquer empresa com a qual podemos compartilhar Informa\u00e7\u00f5es Pessoais, proteja os dados de uma forma consistente com essa pol\u00edtica, e limite o uso de tais Informa\u00e7\u00f5es Pessoais para o desempenho dos servi\u00e7os do MGAPress.<\/li>\n<li>MGAPress pode divulgar Informa\u00e7\u00f5es Pessoais em circunst\u00e2ncias especiais, como para cumprir ordens judiciais obrigando-nos a faz\u00ea-lo ou quando suas a\u00e7\u00f5es violam os Termos de Servi\u00e7o.<\/li>\n<li>N\u00f3s n\u00e3o vendemos ou fornecemos Informa\u00e7\u00f5es Pessoais para outras empresas, para que elas fa\u00e7am o marketing dos seus pr\u00f3prios produtos ou servi\u00e7os.<\/li>\n<\/ol>\n<h4>O QUE SIGNIFICA<\/h4>\n<p>Em certas circunst\u00e2ncias, podemos divulgar suas informa\u00e7\u00f5es pessoais, como no caso de ordens judiciais.<\/p>\n<h3>Armazenamento de Dados do Cliente<\/h3>\n<p>MGAPress possui o armazenamento de dados, bancos de dados e todos os direitos da aplica\u00e7\u00e3o MGAPress, entretanto, n\u00e3o fazemos nenhuma reivindica\u00e7\u00e3o dos direitos dos seus dados. Voc\u00ea ret\u00e9m todos os direitos sobre os seus dados e n\u00f3s nunca entraremos em contato com seus clientes diretamente, ou usaremos seus dados para a nossa pr\u00f3pria vantagem comercial ou para competir com voc\u00ea, ou para divulgar para os seus clientes.<\/p>\n<h4>\u00a0O QUE SIGNIFICA<\/h4>\n<p>Voc\u00ea possui seus dados e n\u00f3s vamos respeitar isso. N\u00e3o vamos tentar competir com voc\u00ea ou escrever para os seus clientes.<\/p>\n<h3>Cookies<\/h3>\n<p>Um cookie \u00e9 uma pequena quantidade de dados, que podem incluir um identificador \u00fanico an\u00f4nimo. Os cookies s\u00e3o enviados para o seu navegador a partir de um site da web e armazenado no disco r\u00edgido do seu computador. Para cada computador que acessa o nosso site \u00e9 atribu\u00eddo um cookie diferente por n\u00f3s.<\/p>\n<h3>\u00a0Google Analytics e Remarketing<\/h3>\n<p>N\u00f3s usamos um servi\u00e7o fornecido pelo Google chamado Google Analytics (GA). O GA nos permite alcan\u00e7ar as pessoas que j\u00e1 visitaram o nosso site, e mostrar-lhes an\u00fancios relevantes quando visitam outros sites na Internet da Rede de Display do Google. Isso \u00e9 chamado de &#8220;remarketing&#8221;.<\/p>\n<p>Os cookies podem ser usados para rastrear sua sess\u00e3o no nosso site, para veicular an\u00fancios personalizados do Google e de outros fornecedores terceiros. Quando voc\u00ea visita este site, voc\u00ea pode ver an\u00fancios publicados no site pelo Google ou outros terceiros. Atrav\u00e9s de nossos cookies e de cookies de terceiros, esses terceiros podem coletar informa\u00e7\u00f5es sobre voc\u00ea enquanto voc\u00ea estiver visitando esse site e outros sites. Eles podem usar esses dados para mostrar an\u00fancios nesse site e atrav\u00e9s da Internet, baseado em suas visitas anteriores a este site e a outros lugares na Internet. N\u00f3s n\u00e3o coletamos essas informa\u00e7\u00f5es ou controlamos o conte\u00fado dos an\u00fancios que voc\u00ea vai ver.<\/p>\n<h4>Optando Por N\u00e3o Ver<\/h4>\n<p>Voc\u00ea pode ser capaz de optar por n\u00e3o ver an\u00fancios personalizados da Rede de Display do Google, visitando o Gerenciador de Prefer\u00eancias de An\u00fancios ([http:\/\/www.google.com\/ads\/preferences\/](http:\/\/www.google. com.br\/ads\/preferences\/)), e o Complemento do Navegador do Google Analytics Opt-out ([http:\/\/www.google.ca\/ads\/preferences\/plugin\/](http:\/\/www.google.ca\/ads\/preferences\/plugin\/)).<\/p>\n<p>O uso deste site sem &#8220;optar por n\u00e3o ver&#8221; significa que voc\u00ea entende e concorda com a coleta de dados para lhe fornecer an\u00fancios de remarketing usando o GA e os cookies de outros fornecedores terceiros baseados em suas visitas anteriores a este site e a outros lugares na Internet.<\/p>\n<h4>O QUE SIGNIFICA<\/h4>\n<p>Para identific\u00e1-lo eletronicamente, um cookie ser\u00e1 armazenado no seu computador. Temos uma ferramenta de &#8220;remarketing&#8221; executando que nos permite tomar nota das suas visitas ao nosso site e mostrar an\u00fancios relevantes no nosso site e em toda a Internet. Voc\u00ea pode sempre optar por n\u00e3o ver.<\/p>\n<h3>PCI-DSS<\/h3>\n<p>O Padr\u00e3o de Seguran\u00e7a de Dados da Ind\u00fastria de Pagamento com Cart\u00e3o (PCI-DSS) \u00e9 um conjunto de requisitos de seguran\u00e7a gerenciados pelo Conselho de Padr\u00f5es de Seguran\u00e7a PCI, um esfor\u00e7o conjunto das marcas de pagamento, incluindo Visa, MasterCard, American Express e Discover. Os requisitos do PCI-DSS ajudam a garantir a manipula\u00e7\u00e3o segura de informa\u00e7\u00f5es de cart\u00e3o de cr\u00e9dito pelos comerciantes e prestadores de servi\u00e7os.<\/p>\n<h4>O QUE SIGNIFICA<\/h4>\n<p>Usaremos os padr\u00f5es da ind\u00fastria sobre seguran\u00e7a, os mesmos utilizados pelas grandes empresas de cart\u00e3o de cr\u00e9dito, para ajudar voc\u00ea a manter uma conta segura no MGAPress.<\/p>\n<h3>Altera\u00e7\u00f5es a esta Pol\u00edtica de Privacidade<\/h3>\n<p>Reservamos o direito de modificar esta declara\u00e7\u00e3o de privacidade a qualquer momento, portanto, revise-a frequentemente. Se fizermos altera\u00e7\u00f5es materiais a esta pol\u00edtica, iremos notific\u00e1-lo aqui ou por meio de um aviso em nossa homepage, de modo que voc\u00ea est\u00e1 ciente das informa\u00e7\u00f5es que coletamos, como as usamos, e sob quais circunst\u00e2ncias, se houver, as divulgamos .<\/p>\n<h4>\u00a0O QUE SIGNIFICA<\/h4>\n<p>Podemos alterar esta Pol\u00edtica de Privacidade. Se for uma grande mudan\u00e7a, iremos inform\u00e1-lo, aqui.<\/p>\n<h2>Perguntas<\/h2>\n<p>Quaisquer d\u00favidas sobre esta Pol\u00edtica de Privacidade devem ser endere\u00e7adas a contato@mgapress.com.br ou por correio para:<\/p>\n<p>Rua Doutor Albuquerque Lins, 635 \u2013 Cj 42 S\u00e3o Paulo \u2013 SP<\/p>\n\n<div class=\"wpcf7 no-js\" id=\"wpcf7-f787-o1\" lang=\"pt-BR\" dir=\"ltr\" data-wpcf7-id=\"787\">\n<div class=\"screen-reader-response\"><p role=\"status\" aria-live=\"polite\" aria-atomic=\"true\"><\/p> <ul><\/ul><\/div>\n<form action=\"\/blog\/wp-json\/wp\/v2\/pages\/20#wpcf7-f787-o1\" method=\"post\" class=\"wpcf7-form init\" aria-label=\"Formul\u00e1rios de contato\" novalidate=\"novalidate\" data-status=\"init\">\n<fieldset class=\"hidden-fields-container\"><input type=\"hidden\" name=\"_wpcf7\" value=\"787\" \/><input type=\"hidden\" name=\"_wpcf7_version\" value=\"6.1.5\" \/><input type=\"hidden\" name=\"_wpcf7_locale\" value=\"pt_BR\" \/><input type=\"hidden\" name=\"_wpcf7_unit_tag\" value=\"wpcf7-f787-o1\" \/><input type=\"hidden\" name=\"_wpcf7_container_post\" value=\"0\" \/><input type=\"hidden\" name=\"_wpcf7_posted_data_hash\" value=\"\" \/>\n<\/fieldset>\n<p>Entre em <a href=\"https:\/\/mgapress.com.br\/fale-conosco\/\" target=\"_blank\">contato<\/a> conosco e descubra o que podemos oferecer.\n<\/p>\n<p><span class=\"wpcf7-form-control-wrap\" data-name=\"your-name\"><input size=\"40\" maxlength=\"400\" class=\"wpcf7-form-control wpcf7-text wpcf7-validates-as-required\" aria-required=\"true\" aria-invalid=\"false\" placeholder=\"Qual seu nome completo?\" value=\"\" type=\"text\" name=\"your-name\" \/><\/span>\n<\/p>\n<p><span class=\"wpcf7-form-control-wrap\" data-name=\"your-email\"><input size=\"40\" maxlength=\"400\" class=\"wpcf7-form-control wpcf7-email wpcf7-validates-as-required wpcf7-text wpcf7-validates-as-email\" aria-required=\"true\" aria-invalid=\"false\" placeholder=\"Seu E-mail Corporativo:\" value=\"\" type=\"email\" name=\"your-email\" \/><\/span>\n<\/p>\n<p><span class=\"wpcf7-form-control-wrap\" data-name=\"Telefone\"><input size=\"40\" maxlength=\"400\" class=\"wpcf7-form-control wpcf7-tel wpcf7-text wpcf7-validates-as-tel\" aria-invalid=\"false\" placeholder=\"E o seu Telefone com DDD?\" value=\"\" type=\"tel\" name=\"Telefone\" \/><\/span>\n<\/p>\n<p><span class=\"wpcf7-form-control-wrap\" data-name=\"seguimento\"><input size=\"40\" maxlength=\"400\" class=\"wpcf7-form-control wpcf7-text\" aria-invalid=\"false\" placeholder=\"Segmento da Empresa:\" value=\"\" type=\"text\" name=\"seguimento\" \/><\/span>\n<\/p>\n<p><input class=\"wpcf7-form-control wpcf7-submit has-spinner\" type=\"submit\" value=\"ENTRAR EM CONTATO\" \/>\n<\/p><div class=\"wpcf7-response-output\" aria-hidden=\"true\"><\/div>\n<\/form>\n<\/div>\n","protected":false},"excerpt":{"rendered":"<p><small> 8 minutos<\/small> MGAPress Pol\u00edtica de Privacidade O que fazemos com as suas informa\u00e7\u00f5es O termo &#8220;informa\u00e7\u00f5es pessoais&#8221; usado aqui, \u00e9 definido como qualquer informa\u00e7\u00e3o que identifica ou pode ser usada para identificar, contatar ou localizar a pessoa, a quem tal informa\u00e7\u00e3o pertence. As informa\u00e7\u00f5es pessoais que coletamos estar\u00e1 sujeita a esta Pol\u00edtica de Privacidade, a qual \u00e9 alterada de tempos em tempos. Quando voc\u00ea se cadastra no MGAPress pedimos o seu endere\u00e7o de e-mail. O MGAPress utiliza as informa\u00e7\u00f5es que s\u00e3o coletadas para os <a href=\"https:\/\/mgapress.com.br\/blog\/politica-de-privacidade\/\" class=\"more-link\"><span>Continue lendo<\/span>\u2192<\/a><\/p>\n","protected":false},"author":2,"featured_media":0,"parent":0,"menu_order":0,"comment_status":"closed","ping_status":"closed","template":"","meta":{"footnotes":""},"class_list":["entry","page","publish","author-michel-acherboim","post-20"],"amp_enabled":true,"_links":{"self":[{"href":"https:\/\/mgapress.com.br\/blog\/wp-json\/wp\/v2\/pages\/20","targetHints":{"allow":["GET"]}}],"collection":[{"href":"https:\/\/mgapress.com.br\/blog\/wp-json\/wp\/v2\/pages"}],"about":[{"href":"https:\/\/mgapress.com.br\/blog\/wp-json\/wp\/v2\/types\/page"}],"author":[{"embeddable":true,"href":"https:\/\/mgapress.com.br\/blog\/wp-json\/wp\/v2\/users\/2"}],"replies":[{"embeddable":true,"href":"https:\/\/mgapress.com.br\/blog\/wp-json\/wp\/v2\/comments?post=20"}],"version-history":[{"count":1,"href":"https:\/\/mgapress.com.br\/blog\/wp-json\/wp\/v2\/pages\/20\/revisions"}],"predecessor-version":[{"id":1471,"href":"https:\/\/mgapress.com.br\/blog\/wp-json\/wp\/v2\/pages\/20\/revisions\/1471"}],"wp:attachment":[{"href":"https:\/\/mgapress.com.br\/blog\/wp-json\/wp\/v2\/media?parent=20"}],"curies":[{"name":"wp","href":"https:\/\/api.w.org\/{rel}","templated":true}]}}